{"id":10,"date":"2022-01-26T03:47:23","date_gmt":"2022-01-26T02:47:23","guid":{"rendered":"http:\/\/www.ao-picture.com\/?page_id=10"},"modified":"2022-09-23T15:36:02","modified_gmt":"2022-09-23T13:36:02","slug":"a-propos-de","status":"publish","type":"page","link":"https:\/\/www.ao-picture.com\/index.php\/a-propos-de\/","title":{"rendered":"\u00c0 propos de"},"content":{"rendered":"\n<figure class=\"wp-block-gallery alignright has-nested-images columns-default is-cropped wp-block-gallery-1 is-layout-flex wp-block-gallery-is-layout-flex\">\n<figure class=\"wp-block-image size-full is-style-default\"><img loading=\"lazy\" decoding=\"async\" width=\"859\" height=\"574\" data-id=\"133\" src=\"http:\/\/www.ao-picture.com\/wp-content\/uploads\/2022\/09\/il.jpg\" alt=\"\" class=\"wp-image-133\" srcset=\"https:\/\/www.ao-picture.com\/wp-content\/uploads\/2022\/09\/il.jpg 859w, https:\/\/www.ao-picture.com\/wp-content\/uploads\/2022\/09\/il-300x200.jpg 300w, https:\/\/www.ao-picture.com\/wp-content\/uploads\/2022\/09\/il-768x513.jpg 768w\" sizes=\"(max-width: 859px) 100vw, 859px\" \/><\/figure>\n<\/figure>\n\n\n\n<p style=\"font-size:14px\">AO Picture est un atelier d\u2019image parisien. Architectes et paysagistes font appel \u00e0 nos comp\u00e9tences d\u2019artistes 3D pour mettre en vie et en lumi\u00e8re leurs projets d\u2019am\u00e9nagement.<\/p>\n\n\n\n<p style=\"font-size:14px\">Chaque image que nous fabriquons participe \u00e0 ancrer le projet dans le r\u00e9el, \u00e0 informer sur son rapport au contexte et sur la mani\u00e8re dont il vivra. A l\u2019inverse des images purement promotionnelles, les n\u00f4tres adoptent une certaine patine qui accroche le regard. Elles portent un point de vue sp\u00e9cifique que l\u2019architecte aura voulu mettre en avant.<\/p>\n\n\n\n<p style=\"font-size:14px\">L\u2019angle de vue, la composition, le cadrage et les jeux d\u2019ombre et lumi\u00e8re sont d\u00e9cisifs, dans une d\u00e9marche tr\u00e8s proche de la photographie. Grand soin est apport\u00e9 au rendu des mat\u00e9riaux pour garantir une certaine vibration de l\u2019image. Par cette approche, nous nous employons avant tout \u00e0 ce l\u2019\u00e9motion que suscitera l\u2019image. Nous \u00e9vitons l\u2019\u00e9cueil qui consisterait \u00e0 vouloir tout dire du projet en une image.<\/p>\n\n\n\n<p style=\"font-size:14px\">Nous avons vocation \u00e0 \u00e9tendre les possibilit\u00e9s d\u2019expression offertes par les formats classiques que sont le plan et la coupe. Nous traduisons certaines subtilit\u00e9s des intentions projectuelles&nbsp;: jeux de mati\u00e8re, de lumi\u00e8re, int\u00e9gration dans le contexte paysager, rapport \u00e0 la topographie\u2026 Il y a l\u00e0 une compl\u00e9mentarit\u00e9 des langages graphiques qui permet de fixer une ou plusieurs id\u00e9es. De ce fait, le temps de fabrication de l\u2019image pr\u00e9sente en lui-m\u00eame un grand int\u00e9r\u00eat pour l\u2019architecte&nbsp;: il peut l\u2019aider \u00e0 se projeter et \u00e0 exp\u00e9rimenter. AO Picture encourage ses clients \u00e0 tirer profit de ce processus et \u00e9change r\u00e9guli\u00e8rement&nbsp; avec eux \u00e0 propos des images en cours de fabrication afin de les faire r\u00e9agir. Le premier support de discussion consiste syst\u00e9matiquement en un simple collage pour initier une r\u00e9flexion commune.<\/p>\n\n\n\n<p style=\"font-size:14px\">Notre d\u00e9marche vise \u00e0 instaurer un rapport de confiance et d\u2019\u00e9change apais\u00e9 avec l\u2019architecte. Il reste en tous temps aux commandes de son projet. AO Picture est en charge de la composition et de la mise en valeur de ce dernier&nbsp;; c\u2019est \u00e0 ce titre que nous faisons valoir notre expertise. Ce dialogue est particuli\u00e8rement facilit\u00e9 par notre double formation, tant \u00e0 la cr\u00e9ation d\u2019images qu\u2019\u00e0 l\u2019architecture.<\/p>\n\n\n\n<p style=\"font-size:14px\">Enfin, nous savons que l\u2019image produite doit \u00eatre un v\u00e9ritable outil de travail et de transmission des intentions du projet. C\u2019est pour cela que nous tenons \u00e0 ce que chacune ait une tr\u00e8s bonne d\u00e9finition, quel que soit le format de destination, afin que l\u2019image se pr\u00eate tant \u00e0 des impressions tr\u00e8s grands format qu\u2019\u00e0 des zooms dont l\u2019utilit\u00e9 ne ferait jour qu\u2019a posteriori.<\/p>\n","protected":false},"excerpt":{"rendered":"<p>AO Picture est un atelier d\u2019image parisien. Architectes et paysagistes font appel \u00e0 nos comp\u00e9tences d\u2019artistes 3D pour mettre en vie et en lumi\u00e8re leurs projets d\u2019am\u00e9nagement. Chaque image que nous fabriquons participe \u00e0 ancrer le projet dans le r\u00e9el, \u00e0 informer sur son rapport au contexte et sur la mani\u00e8re dont il vivra. A [&hellip;]<\/p>\n","protected":false},"author":1,"featured_media":0,"parent":0,"menu_order":0,"comment_status":"closed","ping_status":"closed","template":"template-full-width.php","meta":{"footnotes":""},"_links":{"self":[{"href":"https:\/\/www.ao-picture.com\/index.php\/wp-json\/wp\/v2\/pages\/10"}],"collection":[{"href":"https:\/\/www.ao-picture.com\/index.php\/wp-json\/wp\/v2\/pages"}],"about":[{"href":"https:\/\/www.ao-picture.com\/index.php\/wp-json\/wp\/v2\/types\/page"}],"author":[{"embeddable":true,"href":"https:\/\/www.ao-picture.com\/index.php\/wp-json\/wp\/v2\/users\/1"}],"replies":[{"embeddable":true,"href":"https:\/\/www.ao-picture.com\/index.php\/wp-json\/wp\/v2\/comments?post=10"}],"version-history":[{"count":33,"href":"https:\/\/www.ao-picture.com\/index.php\/wp-json\/wp\/v2\/pages\/10\/revisions"}],"predecessor-version":[{"id":151,"href":"https:\/\/www.ao-picture.com\/index.php\/wp-json\/wp\/v2\/pages\/10\/revisions\/151"}],"wp:attachment":[{"href":"https:\/\/www.ao-picture.com\/index.php\/wp-json\/wp\/v2\/media?parent=10"}],"curies":[{"name":"wp","href":"https:\/\/api.w.org\/{rel}","templated":true}]}}